{"id":748,"date":"2024-09-09T18:31:38","date_gmt":"2024-09-09T18:31:38","guid":{"rendered":"https:\/\/trendsetera.com.mx\/work\/"},"modified":"2024-09-09T18:31:38","modified_gmt":"2024-09-09T18:31:38","slug":"work","status":"publish","type":"page","link":"https:\/\/trendsetera.com.mx\/en\/work\/","title":{"rendered":"Work"},"content":{"rendered":"","protected":false},"excerpt":{"rendered":"","protected":false},"author":1,"featured_media":0,"parent":0,"menu_order":10,"comment_status":"closed","ping_status":"closed","template":"page-proyectos.php","meta":{"_acf_changed":false,"footnotes":""},"class_list":["post-748","page","type-page","status-publish"],"acf":[],"yoast_head":"<!-- This site is optimized with the Yoast SEO plugin v27.4 - https:\/\/yoast.com\/product\/yoast-seo-wordpress\/ -->\n<title>Work - Trends\u00e9tera<\/title>\n<meta name=\"description\" content=\"We work with the most important brands in Mexico and globally, offering creative and strategic solutions that connect culture and relevance.\" \/>\n<meta name=\"robots\" content=\"index, follow, max-snippet:-1, max-image-preview:large, max-video-preview:-1\" \/>\n<link rel=\"canonical\" href=\"https:\/\/trendsetera.com.mx\/en\/work\/\" \/>\n<meta property=\"og:locale\" content=\"en_US\" \/>\n<meta property=\"og:type\" content=\"article\" \/>\n<meta property=\"og:title\" content=\"Work - Trends\u00e9tera\" \/>\n<meta property=\"og:description\" content=\"We work with the most important brands in Mexico and globally, offering creative and strategic solutions that connect culture and relevance.\" \/>\n<meta property=\"og:url\" content=\"https:\/\/trendsetera.com.mx\/en\/work\/\" \/>\n<meta property=\"og:site_name\" content=\"Trends\u00e9tera\" \/>\n<meta property=\"article:publisher\" content=\"https:\/\/www.facebook.com\/TRENDSETERA.COM.MX\" \/>\n<meta name=\"twitter:card\" content=\"summary_large_image\" \/>\n<meta name=\"twitter:site\" content=\"@TRENDSETERA\" \/>\n<script type=\"application\/ld+json\" class=\"yoast-schema-graph\">{\"@context\":\"https:\\\/\\\/schema.org\",\"@graph\":[{\"@type\":\"WebPage\",\"@id\":\"https:\\\/\\\/trendsetera.com.mx\\\/en\\\/work\\\/\",\"url\":\"https:\\\/\\\/trendsetera.com.mx\\\/en\\\/work\\\/\",\"name\":\"Work - Trends\u00e9tera\",\"isPartOf\":{\"@id\":\"https:\\\/\\\/trendsetera.com.mx\\\/en\\\/#website\"},\"datePublished\":\"2024-09-09T18:31:38+00:00\",\"description\":\"We work with the most important brands in Mexico and globally, offering creative and strategic solutions that connect culture and relevance.\",\"breadcrumb\":{\"@id\":\"https:\\\/\\\/trendsetera.com.mx\\\/en\\\/work\\\/#breadcrumb\"},\"inLanguage\":\"en-US\",\"potentialAction\":[{\"@type\":\"ReadAction\",\"target\":[\"https:\\\/\\\/trendsetera.com.mx\\\/en\\\/work\\\/\"]}]},{\"@type\":\"BreadcrumbList\",\"@id\":\"https:\\\/\\\/trendsetera.com.mx\\\/en\\\/work\\\/#breadcrumb\",\"itemListElement\":[{\"@type\":\"ListItem\",\"position\":1,\"name\":\"Home\",\"item\":\"https:\\\/\\\/trendsetera.com.mx\\\/en\\\/\"},{\"@type\":\"ListItem\",\"position\":2,\"name\":\"Work\"}]},{\"@type\":\"WebSite\",\"@id\":\"https:\\\/\\\/trendsetera.com.mx\\\/en\\\/#website\",\"url\":\"https:\\\/\\\/trendsetera.com.mx\\\/en\\\/\",\"name\":\"Trends\u00e9tera\",\"description\":\"Consultores en cultura y relevancia que transforman marcas desde una visi\u00f3n creativa, estrat\u00e9gica y cultural: la evoluci\u00f3n de la agencia integral.\",\"publisher\":{\"@id\":\"https:\\\/\\\/trendsetera.com.mx\\\/en\\\/#organization\"},\"potentialAction\":[{\"@type\":\"SearchAction\",\"target\":{\"@type\":\"EntryPoint\",\"urlTemplate\":\"https:\\\/\\\/trendsetera.com.mx\\\/en\\\/?s={search_term_string}\"},\"query-input\":{\"@type\":\"PropertyValueSpecification\",\"valueRequired\":true,\"valueName\":\"search_term_string\"}}],\"inLanguage\":\"en-US\"},{\"@type\":\"Organization\",\"@id\":\"https:\\\/\\\/trendsetera.com.mx\\\/en\\\/#organization\",\"name\":\"Trends\u00e9tera\",\"url\":\"https:\\\/\\\/trendsetera.com.mx\\\/en\\\/\",\"logo\":{\"@type\":\"ImageObject\",\"inLanguage\":\"en-US\",\"@id\":\"https:\\\/\\\/trendsetera.com.mx\\\/en\\\/#\\\/schema\\\/logo\\\/image\\\/\",\"url\":\"https:\\\/\\\/trendsetera.com.mx\\\/wp-content\\\/uploads\\\/2025\\\/07\\\/Trendsetera-July.png\",\"contentUrl\":\"https:\\\/\\\/trendsetera.com.mx\\\/wp-content\\\/uploads\\\/2025\\\/07\\\/Trendsetera-July.png\",\"width\":512,\"height\":512,\"caption\":\"Trends\u00e9tera\"},\"image\":{\"@id\":\"https:\\\/\\\/trendsetera.com.mx\\\/en\\\/#\\\/schema\\\/logo\\\/image\\\/\"},\"sameAs\":[\"https:\\\/\\\/www.facebook.com\\\/TRENDSETERA.COM.MX\",\"https:\\\/\\\/x.com\\\/TRENDSETERA\",\"https:\\\/\\\/www.linkedin.com\\\/company\\\/trendsetera\\\/\"]}]}<\/script>\n<!-- \/ Yoast SEO plugin. -->","yoast_head_json":{"title":"Work - Trends\u00e9tera","description":"We work with the most important brands in Mexico and globally, offering creative and strategic solutions that connect culture and relevance.","robots":{"index":"index","follow":"follow","max-snippet":"max-snippet:-1","max-image-preview":"max-image-preview:large","max-video-preview":"max-video-preview:-1"},"canonical":"https:\/\/trendsetera.com.mx\/en\/work\/","og_locale":"en_US","og_type":"article","og_title":"Work - Trends\u00e9tera","og_description":"We work with the most important brands in Mexico and globally, offering creative and strategic solutions that connect culture and relevance.","og_url":"https:\/\/trendsetera.com.mx\/en\/work\/","og_site_name":"Trends\u00e9tera","article_publisher":"https:\/\/www.facebook.com\/TRENDSETERA.COM.MX","twitter_card":"summary_large_image","twitter_site":"@TRENDSETERA","schema":{"@context":"https:\/\/schema.org","@graph":[{"@type":"WebPage","@id":"https:\/\/trendsetera.com.mx\/en\/work\/","url":"https:\/\/trendsetera.com.mx\/en\/work\/","name":"Work - Trends\u00e9tera","isPartOf":{"@id":"https:\/\/trendsetera.com.mx\/en\/#website"},"datePublished":"2024-09-09T18:31:38+00:00","description":"We work with the most important brands in Mexico and globally, offering creative and strategic solutions that connect culture and relevance.","breadcrumb":{"@id":"https:\/\/trendsetera.com.mx\/en\/work\/#breadcrumb"},"inLanguage":"en-US","potentialAction":[{"@type":"ReadAction","target":["https:\/\/trendsetera.com.mx\/en\/work\/"]}]},{"@type":"BreadcrumbList","@id":"https:\/\/trendsetera.com.mx\/en\/work\/#breadcrumb","itemListElement":[{"@type":"ListItem","position":1,"name":"Home","item":"https:\/\/trendsetera.com.mx\/en\/"},{"@type":"ListItem","position":2,"name":"Work"}]},{"@type":"WebSite","@id":"https:\/\/trendsetera.com.mx\/en\/#website","url":"https:\/\/trendsetera.com.mx\/en\/","name":"Trends\u00e9tera","description":"Consultores en cultura y relevancia que transforman marcas desde una visi\u00f3n creativa, estrat\u00e9gica y cultural: la evoluci\u00f3n de la agencia integral.","publisher":{"@id":"https:\/\/trendsetera.com.mx\/en\/#organization"},"potentialAction":[{"@type":"SearchAction","target":{"@type":"EntryPoint","urlTemplate":"https:\/\/trendsetera.com.mx\/en\/?s={search_term_string}"},"query-input":{"@type":"PropertyValueSpecification","valueRequired":true,"valueName":"search_term_string"}}],"inLanguage":"en-US"},{"@type":"Organization","@id":"https:\/\/trendsetera.com.mx\/en\/#organization","name":"Trends\u00e9tera","url":"https:\/\/trendsetera.com.mx\/en\/","logo":{"@type":"ImageObject","inLanguage":"en-US","@id":"https:\/\/trendsetera.com.mx\/en\/#\/schema\/logo\/image\/","url":"https:\/\/trendsetera.com.mx\/wp-content\/uploads\/2025\/07\/Trendsetera-July.png","contentUrl":"https:\/\/trendsetera.com.mx\/wp-content\/uploads\/2025\/07\/Trendsetera-July.png","width":512,"height":512,"caption":"Trends\u00e9tera"},"image":{"@id":"https:\/\/trendsetera.com.mx\/en\/#\/schema\/logo\/image\/"},"sameAs":["https:\/\/www.facebook.com\/TRENDSETERA.COM.MX","https:\/\/x.com\/TRENDSETERA","https:\/\/www.linkedin.com\/company\/trendsetera\/"]}]}},"_links":{"self":[{"href":"https:\/\/trendsetera.com.mx\/en\/wp-json\/wp\/v2\/pages\/748","targetHints":{"allow":["GET"]}}],"collection":[{"href":"https:\/\/trendsetera.com.mx\/en\/wp-json\/wp\/v2\/pages"}],"about":[{"href":"https:\/\/trendsetera.com.mx\/en\/wp-json\/wp\/v2\/types\/page"}],"author":[{"embeddable":true,"href":"https:\/\/trendsetera.com.mx\/en\/wp-json\/wp\/v2\/users\/1"}],"replies":[{"embeddable":true,"href":"https:\/\/trendsetera.com.mx\/en\/wp-json\/wp\/v2\/comments?post=748"}],"version-history":[{"count":0,"href":"https:\/\/trendsetera.com.mx\/en\/wp-json\/wp\/v2\/pages\/748\/revisions"}],"wp:attachment":[{"href":"https:\/\/trendsetera.com.mx\/en\/wp-json\/wp\/v2\/media?parent=748"}],"curies":[{"name":"wp","href":"https:\/\/api.w.org\/{rel}","templated":true}]}}